{"id":780,"date":"2018-12-21T11:57:35","date_gmt":"2018-12-21T11:57:35","guid":{"rendered":"http:\/\/www.igm.no\/makingdesign2019\/registration\/"},"modified":"2021-02-26T14:19:38","modified_gmt":"2021-02-26T13:19:38","slug":"registration","status":"publish","type":"page","link":"https:\/\/makingdesign.no\/en\/registration\/","title":{"rendered":"Registration"},"content":{"rendered":"<h1>\n\t\tRegistration for the online conference 15. &#8211; 16. June 2020\n\t<\/h1>\n\t<p>Online price NOK 3900.<\/p>\n\t\t\t<a href=\"http:\/\/makingdesign.no\/en\/registration-group\/\" target=\"_self\" role=\"button\" rel=\"noopener noreferrer\">\n\t\t\t\t\t\t\tGroup discount\n\t\t<\/a>\n\t<p>Is there a group of more than 5 people, you get a discount.<\/p>\n\t<p>&nbsp;<\/p>\n<div class=\"frm_forms  with_frm_style frm_style_formidable-style\" id=\"frm_form_6_container\" >\n<form enctype=\"multipart\/form-data\" method=\"post\" class=\"frm-show-form  frm_pro_form \" id=\"form_tchqy\" >\n<div class=\"frm_form_fields \">\n<fieldset>\n<legend class=\"frm_screen_reader\">Registrering<\/legend>\r\n\r\n<div class=\"frm_fields_container\">\n<input type=\"hidden\" name=\"frm_action\" value=\"create\" \/>\n<input type=\"hidden\" name=\"form_id\" value=\"6\" \/>\n<input type=\"hidden\" name=\"frm_hide_fields_6\" id=\"frm_hide_fields_6\" value=\"\" \/>\n<input type=\"hidden\" name=\"form_key\" value=\"tchqy\" \/>\n<input type=\"hidden\" name=\"item_meta[0]\" value=\"\" \/>\n<input type=\"hidden\" id=\"frm_submit_entry_6\" name=\"frm_submit_entry_6\" value=\"9a40aa4f88\" \/><input type=\"hidden\" name=\"_wp_http_referer\" value=\"\/en\/wp-json\/wp\/v2\/pages\/780\" \/><div id=\"frm_field_67_container\" class=\"frm_form_field form-field  frm_required_field frm_top_container\">\r\n    <label for=\"field_b6bbl\" class=\"frm_primary_label\">Fornavn og etternavn\r\n        <span class=\"frm_required\">*<\/span>\r\n    <\/label>\r\n    <input  type=\"text\" id=\"field_b6bbl\" name=\"item_meta[67]\" value=\"\"  style=\"width:50%\" maxlength=\"100\" data-reqmsg=\"Fornavn og etternavn cannot be blank.\" aria-required=\"true\" data-invmsg=\"Tekst is invalid\" class=\"auto_width\" aria-invalid=\"false\"   \/>\r\n    \r\n    \r\n<\/div>\n<div id=\"frm_field_69_container\" class=\"frm_form_field form-field  frm_top_container\">\r\n    <label for=\"field_b7rc9\" class=\"frm_primary_label\">E-post\r\n        <span class=\"frm_required\"><\/span>\r\n    <\/label>\r\n    <input type=\"email\" id=\"field_b7rc9\" name=\"item_meta[69]\" value=\"\"  style=\"width:50%\" maxlength=\"100\" data-invmsg=\"Tekst is invalid\" class=\"auto_width\" aria-invalid=\"false\"  \/>\r\n    \r\n    \r\n<\/div>\n<div id=\"frm_field_70_container\" class=\"frm_form_field form-field  frm_top_container\">\r\n    <label for=\"field_7dtco\" class=\"frm_primary_label\">Mobil\r\n        <span class=\"frm_required\"><\/span>\r\n    <\/label>\r\n    <input  type=\"text\" id=\"field_7dtco\" name=\"item_meta[70]\" value=\"\"  style=\"width:50%\" maxlength=\"12\" data-invmsg=\"Tekst is invalid\" class=\"auto_width\" aria-invalid=\"false\"   \/>\r\n    \r\n    \r\n<\/div>\n<div id=\"frm_field_71_container\" class=\"frm_form_field form-field  frm_top_container\">\r\n    <label for=\"field_8avix\" class=\"frm_primary_label\">Firma\r\n        <span class=\"frm_required\"><\/span>\r\n    <\/label>\r\n    <input  type=\"text\" id=\"field_8avix\" name=\"item_meta[71]\" value=\"\"  style=\"width:50%\" maxlength=\"100\" data-invmsg=\"Tekst is invalid\" class=\"auto_width\" aria-invalid=\"false\"   \/>\r\n    \r\n    \r\n<\/div>\n<div id=\"frm_field_72_container\" class=\"frm_form_field form-field  frm_top_container\">\r\n    <label for=\"field_wbzzi\" class=\"frm_primary_label\">Fakturaadresse\r\n        <span class=\"frm_required\"><\/span>\r\n    <\/label>\r\n    <input  type=\"text\" id=\"field_wbzzi\" name=\"item_meta[72]\" value=\"\"  style=\"width:50%\" maxlength=\"100\" data-invmsg=\"Tekst is invalid\" class=\"auto_width\" aria-invalid=\"false\"   \/>\r\n    \r\n    \r\n<\/div>\n<div id=\"frm_field_73_container\" class=\"frm_form_field form-field  frm_top_container\">\r\n    <label for=\"field_yido3\" class=\"frm_primary_label\">Postnummer og poststed\r\n        <span class=\"frm_required\"><\/span>\r\n    <\/label>\r\n    <input  type=\"text\" id=\"field_yido3\" name=\"item_meta[73]\" value=\"\"  style=\"width:50%\" maxlength=\"100\" data-invmsg=\"Tekst is invalid\" class=\"auto_width\" aria-invalid=\"false\"   \/>\r\n    \r\n    \r\n<\/div>\n<div id=\"frm_field_74_container\" class=\"frm_form_field form-field  frm_top_container\">\r\n    <label for=\"field_qs95y\" class=\"frm_primary_label\">Melde p\u00e5 flere, skriv inn navn og epost her. Andre kommentarer kan ogs\u00e5 skrives inn her\r\n        <span class=\"frm_required\"><\/span>\r\n    <\/label>\r\n    <textarea name=\"item_meta[74]\" id=\"field_qs95y\" rows=\"3\"  style=\"width:100%\" data-invmsg=\"Melde p\u00e5 flere, skriv inn navn og epost her. Andre kommentarer kan ogs\u00e5 skrives inn her is invalid\" class=\"auto_width\" aria-invalid=\"false\"  ><\/textarea>\r\n    \r\n    \r\n<\/div>\n<div id=\"frm_field_75_container\" class=\"frm_form_field form-field  frm_top_container vertical_radio\">\r\n    <label for=\"field_9p2p5\" class=\"frm_primary_label\">Medlemsrabatt, kryss av:\r\n        <span class=\"frm_required\"><\/span>\r\n    <\/label>\r\n    <div class=\"frm_opt_container\">\t\t<div class=\"frm_checkbox\" id=\"frm_checkbox_75-0\">\t\t\t<label  for=\"field_9p2p5-0\">\n\t\t\t<input type=\"checkbox\" name=\"item_meta[75][]\" id=\"field_9p2p5-0\" value=\"Grafisk utdanningsfond, -50%\"  data-invmsg=\"Medlemsrabatt, kryss av: is invalid\"   \/> Grafisk utdanningsfond, -50%<\/label><\/div>\n\t\t<div class=\"frm_checkbox\" id=\"frm_checkbox_75-1\">\t\t\t<label  for=\"field_9p2p5-1\">\n\t\t\t<input type=\"checkbox\" name=\"item_meta[75][]\" id=\"field_9p2p5-1\" value=\"Kreativt forum, -15%\"  data-invmsg=\"Medlemsrabatt, kryss av: is invalid\"   \/> Kreativt forum, -15%<\/label><\/div>\n<\/div>\r\n    \r\n    \r\n<\/div>\n<div id=\"frm_field_87_container\" class=\"frm_form_field form-field  frm_top_container\">\r\n\t<label for=\"field_3pyjn\" id=\"field_3pyjn_label\" class=\"frm_primary_label\">Rabattkode gjest\r\n\t\t<span class=\"frm_required\" aria-hidden=\"true\"><\/span>\r\n\t<\/label>\r\n\t<input  type=\"text\" id=\"field_3pyjn\" name=\"item_meta[87]\" value=\"\"  data-invmsg=\"Rabattkode gjest is invalid\" aria-invalid=\"false\"   \/>\r\n\t\r\n\t\r\n<\/div>\n<div id=\"frm_field_88_container\" class=\"frm_form_field form-field  frm_top_container\">\r\n\t<label for=\"field_8q8jt\" id=\"field_8q8jt_label\" class=\"frm_primary_label\">Rabattkode student\r\n\t\t<span class=\"frm_required\" aria-hidden=\"true\"><\/span>\r\n\t<\/label>\r\n\t<input  type=\"text\" id=\"field_8q8jt\" name=\"item_meta[88]\" value=\"\"  data-invmsg=\"Rabattkode student is invalid\" aria-invalid=\"false\"   \/>\r\n\t\r\n\t\r\n<\/div>\n<div id=\"frm_field_78_container\" class=\"frm_form_field form-field  frm_top_container vertical_radio\">\r\n    <label for=\"field_d1d47\" class=\"frm_primary_label\">Avbestillingsregler\r\n        <span class=\"frm_required\"><\/span>\r\n    <\/label>\r\n    <div class=\"frm_opt_container\"><\/div>\r\n    <div class=\"frm_description\" id=\"frm_desc_field_d1d47\">Avmeldingsfrist er 14 dager f\u00f8r konferansestart. Ved senere avmelding belastes 100% av full konferanseavgift.\r\n<\/div>\r\n    \r\n<\/div>\n<div id=\"frm_field_80_container\" class=\"frm_form_field form-field  frm_top_container vertical_radio\">\r\n    <label for=\"field_qzfw\" class=\"frm_primary_label\">Nyhetsbrev\r\n        <span class=\"frm_required\"><\/span>\r\n    <\/label>\r\n    <div class=\"frm_opt_container\">\t\t<div class=\"frm_checkbox\" id=\"frm_checkbox_80-0\">\t\t\t<label  for=\"field_qzfw-0\">\n\t\t\t<input type=\"checkbox\" name=\"item_meta[80][]\" id=\"field_qzfw-0\" value=\"Ja, jeg vil ha nyhetsbrev fra IGM\"  data-invmsg=\"Nyhetsbrev is invalid\"   \/> Ja, jeg vil ha nyhetsbrev fra IGM<\/label><\/div>\n<\/div>\r\n    <div class=\"frm_description\" id=\"frm_desc_field_qzfw\">Det er enkelt \u00e5 ombestemme seg ved \u00e5 klikke p\u00e5 lenken avmeld\/Unsubscribe nederst i nyhetsbrevet. Vi lagrer ikke annen info om deg i nyhetsbrevsystemet, Campaignmonitor,  enn e-postadressen.<\/div>\r\n    \r\n<\/div>\n<div id=\"frm_field_84_container\" class=\"frm_form_field form-field \">\r\n\t<div class=\"frm_submit\">\r\n\r\n<button class=\"frm_button_submit frm_final_submit\" type=\"submit\"   formnovalidate=\"formnovalidate\">Send<\/button>\r\n\r\n<\/div>\r\n<\/div>\n\t<input type=\"hidden\" name=\"item_key\" value=\"\" \/>\n\t\t\t<div id=\"frm_field_103_container\">\n\t\t\t<label for=\"field_ehdw\" >\n\t\t\t\tIf you are human, leave this field blank.\t\t\t<\/label>\n\t\t\t<input  id=\"field_ehdw\" type=\"text\" class=\"frm_form_field form-field frm_verify\" name=\"item_meta[103]\" value=\"\"  \/>\n\t\t<\/div>\n\t\t<input name=\"frm_state\" type=\"hidden\" value=\"UK\/72qa2f2G7OvrunUPrV8vSa+CBe8PpUei+JRM+SB5WEvCeoScpWBjiCKlgareJ\" \/><\/div>\n<\/fieldset>\n<\/div>\n\n<\/form>\n<\/div>\n\n","protected":false},"excerpt":{"rendered":"<p>Registration for the online conference 15. &#8211; 16. June 2020 Online price NOK 3900. Group discount Is there a group of more than 5 people, you get a discount. &nbsp;<\/p>\n","protected":false},"author":1,"featured_media":0,"parent":0,"menu_order":0,"comment_status":"closed","ping_status":"closed","template":"","meta":{"_acf_changed":false,"_exactmetrics_skip_tracking":false,"_exactmetrics_sitenote_active":false,"_exactmetrics_sitenote_note":"","_exactmetrics_sitenote_category":0,"footnotes":""},"class_list":["post-780","page","type-page","status-publish","hentry"],"acf":[],"yoast_head":"<!-- This site is optimized with the Yoast SEO plugin v27.4 - https:\/\/yoast.com\/product\/yoast-seo-wordpress\/ -->\n<title>Registration til - MakingDesign 2021 - Adobe conference in Oslo<\/title>\n<meta name=\"description\" content=\"Registration for MakingDesign 2021. See you in Oslo or online June 14 - 15, 2021 for two exciting days.\" \/>\n<meta name=\"robots\" content=\"index, follow, max-snippet:-1, max-image-preview:large, max-video-preview:-1\" \/>\n<link rel=\"canonical\" href=\"https:\/\/makingdesign.no\/en\/registration\/\" \/>\n<meta property=\"og:locale\" content=\"en_US\" \/>\n<meta property=\"og:type\" content=\"article\" \/>\n<meta property=\"og:title\" content=\"Registration til - MakingDesign 2021 - Adobe conference in Oslo\" \/>\n<meta property=\"og:description\" content=\"Registration for MakingDesign 2021. See you in Oslo or online June 14 - 15, 2021 for two exciting days.\" \/>\n<meta property=\"og:url\" content=\"https:\/\/makingdesign.no\/en\/registration\/\" \/>\n<meta property=\"og:site_name\" content=\"MakingDesign\" \/>\n<meta property=\"article:modified_time\" content=\"2021-02-26T13:19:38+00:00\" \/>\n<meta property=\"og:image\" content=\"https:\/\/makingdesign.no\/wp-content\/uploads\/2021\/02\/topp.png\" \/>\n\t<meta property=\"og:image:width\" content=\"1573\" \/>\n\t<meta property=\"og:image:height\" content=\"873\" \/>\n\t<meta property=\"og:image:type\" content=\"image\/png\" \/>\n<meta name=\"twitter:card\" content=\"summary_large_image\" \/>\n<script type=\"application\/ld+json\" class=\"yoast-schema-graph\">{\"@context\":\"https:\\\/\\\/schema.org\",\"@graph\":[{\"@type\":\"WebPage\",\"@id\":\"https:\\\/\\\/makingdesign.no\\\/en\\\/registration\\\/\",\"url\":\"https:\\\/\\\/makingdesign.no\\\/en\\\/registration\\\/\",\"name\":\"Registration til - MakingDesign 2021 - Adobe conference in Oslo\",\"isPartOf\":{\"@id\":\"https:\\\/\\\/makingdesign.no\\\/en\\\/#website\"},\"datePublished\":\"2018-12-21T11:57:35+00:00\",\"dateModified\":\"2021-02-26T13:19:38+00:00\",\"description\":\"Registration for MakingDesign 2021. See you in Oslo or online June 14 - 15, 2021 for two exciting days.\",\"breadcrumb\":{\"@id\":\"https:\\\/\\\/makingdesign.no\\\/en\\\/registration\\\/#breadcrumb\"},\"inLanguage\":\"en-US\",\"potentialAction\":[{\"@type\":\"ReadAction\",\"target\":[\"https:\\\/\\\/makingdesign.no\\\/en\\\/registration\\\/\"]}]},{\"@type\":\"BreadcrumbList\",\"@id\":\"https:\\\/\\\/makingdesign.no\\\/en\\\/registration\\\/#breadcrumb\",\"itemListElement\":[{\"@type\":\"ListItem\",\"position\":1,\"name\":\"Home\",\"item\":\"https:\\\/\\\/makingdesign.no\\\/en\\\/\"},{\"@type\":\"ListItem\",\"position\":2,\"name\":\"Registration\"}]},{\"@type\":\"WebSite\",\"@id\":\"https:\\\/\\\/makingdesign.no\\\/en\\\/#website\",\"url\":\"https:\\\/\\\/makingdesign.no\\\/en\\\/\",\"name\":\"MakingDesign\",\"description\":\"2021\",\"publisher\":{\"@id\":\"https:\\\/\\\/makingdesign.no\\\/en\\\/#organization\"},\"potentialAction\":[{\"@type\":\"SearchAction\",\"target\":{\"@type\":\"EntryPoint\",\"urlTemplate\":\"https:\\\/\\\/makingdesign.no\\\/en\\\/?s={search_term_string}\"},\"query-input\":{\"@type\":\"PropertyValueSpecification\",\"valueRequired\":true,\"valueName\":\"search_term_string\"}}],\"inLanguage\":\"en-US\"},{\"@type\":\"Organization\",\"@id\":\"https:\\\/\\\/makingdesign.no\\\/en\\\/#organization\",\"name\":\"MakingDesign\",\"url\":\"https:\\\/\\\/makingdesign.no\\\/en\\\/\",\"logo\":{\"@type\":\"ImageObject\",\"inLanguage\":\"en-US\",\"@id\":\"https:\\\/\\\/makingdesign.no\\\/en\\\/#\\\/schema\\\/logo\\\/image\\\/\",\"url\":\"https:\\\/\\\/makingdesign.no\\\/wp-content\\\/uploads\\\/2024\\\/02\\\/makingdesignIGM_logo2024.png\",\"contentUrl\":\"https:\\\/\\\/makingdesign.no\\\/wp-content\\\/uploads\\\/2024\\\/02\\\/makingdesignIGM_logo2024.png\",\"width\":513,\"height\":142,\"caption\":\"MakingDesign\"},\"image\":{\"@id\":\"https:\\\/\\\/makingdesign.no\\\/en\\\/#\\\/schema\\\/logo\\\/image\\\/\"}}]}<\/script>\n<!-- \/ Yoast SEO plugin. -->","yoast_head_json":{"title":"Registration til - MakingDesign 2021 - Adobe conference in Oslo","description":"Registration for MakingDesign 2021. See you in Oslo or online June 14 - 15, 2021 for two exciting days.","robots":{"index":"index","follow":"follow","max-snippet":"max-snippet:-1","max-image-preview":"max-image-preview:large","max-video-preview":"max-video-preview:-1"},"canonical":"https:\/\/makingdesign.no\/en\/registration\/","og_locale":"en_US","og_type":"article","og_title":"Registration til - MakingDesign 2021 - Adobe conference in Oslo","og_description":"Registration for MakingDesign 2021. See you in Oslo or online June 14 - 15, 2021 for two exciting days.","og_url":"https:\/\/makingdesign.no\/en\/registration\/","og_site_name":"MakingDesign","article_modified_time":"2021-02-26T13:19:38+00:00","og_image":[{"width":1573,"height":873,"url":"https:\/\/makingdesign.no\/wp-content\/uploads\/2021\/02\/topp.png","type":"image\/png"}],"twitter_card":"summary_large_image","schema":{"@context":"https:\/\/schema.org","@graph":[{"@type":"WebPage","@id":"https:\/\/makingdesign.no\/en\/registration\/","url":"https:\/\/makingdesign.no\/en\/registration\/","name":"Registration til - MakingDesign 2021 - Adobe conference in Oslo","isPartOf":{"@id":"https:\/\/makingdesign.no\/en\/#website"},"datePublished":"2018-12-21T11:57:35+00:00","dateModified":"2021-02-26T13:19:38+00:00","description":"Registration for MakingDesign 2021. See you in Oslo or online June 14 - 15, 2021 for two exciting days.","breadcrumb":{"@id":"https:\/\/makingdesign.no\/en\/registration\/#breadcrumb"},"inLanguage":"en-US","potentialAction":[{"@type":"ReadAction","target":["https:\/\/makingdesign.no\/en\/registration\/"]}]},{"@type":"BreadcrumbList","@id":"https:\/\/makingdesign.no\/en\/registration\/#breadcrumb","itemListElement":[{"@type":"ListItem","position":1,"name":"Home","item":"https:\/\/makingdesign.no\/en\/"},{"@type":"ListItem","position":2,"name":"Registration"}]},{"@type":"WebSite","@id":"https:\/\/makingdesign.no\/en\/#website","url":"https:\/\/makingdesign.no\/en\/","name":"MakingDesign","description":"2021","publisher":{"@id":"https:\/\/makingdesign.no\/en\/#organization"},"potentialAction":[{"@type":"SearchAction","target":{"@type":"EntryPoint","urlTemplate":"https:\/\/makingdesign.no\/en\/?s={search_term_string}"},"query-input":{"@type":"PropertyValueSpecification","valueRequired":true,"valueName":"search_term_string"}}],"inLanguage":"en-US"},{"@type":"Organization","@id":"https:\/\/makingdesign.no\/en\/#organization","name":"MakingDesign","url":"https:\/\/makingdesign.no\/en\/","logo":{"@type":"ImageObject","inLanguage":"en-US","@id":"https:\/\/makingdesign.no\/en\/#\/schema\/logo\/image\/","url":"https:\/\/makingdesign.no\/wp-content\/uploads\/2024\/02\/makingdesignIGM_logo2024.png","contentUrl":"https:\/\/makingdesign.no\/wp-content\/uploads\/2024\/02\/makingdesignIGM_logo2024.png","width":513,"height":142,"caption":"MakingDesign"},"image":{"@id":"https:\/\/makingdesign.no\/en\/#\/schema\/logo\/image\/"}}]}},"_links":{"self":[{"href":"https:\/\/makingdesign.no\/en\/wp-json\/wp\/v2\/pages\/780","targetHints":{"allow":["GET"]}}],"collection":[{"href":"https:\/\/makingdesign.no\/en\/wp-json\/wp\/v2\/pages"}],"about":[{"href":"https:\/\/makingdesign.no\/en\/wp-json\/wp\/v2\/types\/page"}],"author":[{"embeddable":true,"href":"https:\/\/makingdesign.no\/en\/wp-json\/wp\/v2\/users\/1"}],"replies":[{"embeddable":true,"href":"https:\/\/makingdesign.no\/en\/wp-json\/wp\/v2\/comments?post=780"}],"version-history":[{"count":5,"href":"https:\/\/makingdesign.no\/en\/wp-json\/wp\/v2\/pages\/780\/revisions"}],"predecessor-version":[{"id":2108,"href":"https:\/\/makingdesign.no\/en\/wp-json\/wp\/v2\/pages\/780\/revisions\/2108"}],"wp:attachment":[{"href":"https:\/\/makingdesign.no\/en\/wp-json\/wp\/v2\/media?parent=780"}],"curies":[{"name":"wp","href":"https:\/\/api.w.org\/{rel}","templated":true}]}}